{"id":20,"date":"2022-10-27T11:18:30","date_gmt":"2022-10-27T11:18:30","guid":{"rendered":"https:\/\/www.iloisempi.fi\/istohiltunen\/?page_id=20"},"modified":"2025-12-04T17:55:59","modified_gmt":"2025-12-04T15:55:59","slug":"isto-hiltunen","status":"publish","type":"page","link":"https:\/\/www.iloisempi.fi\/istohiltunen\/","title":{"rendered":"Isto Hiltunen"},"content":{"rendered":"\n<p class=\"has-nero-color has-text-color\">BIOGRAFIA<\/p>\n\n\n\n<p class=\"has-nero-color has-text-color\">Isto Hiltunen nousi pinnalle vuonna 1994 platinaa myyneen albuminsa &#8221;Isto Hiltunen&#8221; my\u00f6t\u00e4. Useita instrumentteja hallitseva muusikko siirtyi mikrofonin varteen ja tuhansien keikkojen kiertue sai alkunsa.&nbsp;<\/p>\n\n\n\n<p class=\"has-nero-color has-text-color\">Monipuolisena esiintyj\u00e4n\u00e4 tunnetun Iston uraan mahtuu kymmeni\u00e4 listahittej\u00e4 vuodesta 1994 l\u00e4htien. Levyt ovat myyneet kultaa ja platinaa, yhteens\u00e4 yli 200 000 kappaletta. Istolla on ollut urallaan yli 40 Radio TOP 20 hitti\u00e4, mm. Tammen oksat, Rinta rottingilla, T\u00e4\u00e4lt\u00e4 ikuisuuteen, Koivukuja, Vie terveiset mun naiselleni, Saavatko he joskus toisensa, Sade, Katse, Alla kuuman auringon\u2026 ja monta muuta. Taitavana viihdytt\u00e4j\u00e4n\u00e4 Isto on ollut mukana monissa projekteissa, esiintynyt musiikkin\u00e4ytelmiss\u00e4, tuottanut \u00e4\u00e4nitteit\u00e4 muille, s\u00e4velt\u00e4nyt lukuisia kappaleita sek\u00e4 itselleen ett\u00e4 muille. Ja on v\u00e4lill\u00e4 yll\u00e4tt\u00e4nyt yleis\u00f6n vierailemalla vaikkapa kitaristina artistiyst\u00e4vien keikoilla.<\/p>\n\n\n\n<p class=\"has-nero-color has-text-color\">Yleens\u00e4 Iston mukana kiert\u00e4\u00e4 osaavista ammattimuusikoista koostuva Uusi Iloinen Orkesteri, mutta tarvittaessa esiintyminen k\u00e4y my\u00f6s soolona kitaransa kanssa.<\/p>\n\n\n\n<p class=\"has-nero-color has-text-color\">Tekniset tiedot:<\/p>\n\n\n\n<p class=\"has-nero-color has-text-color\">Valmistusmaa: Kaavi, Finland<br>Kotisatama: Kontiolahti<br>Pituus: 190cm<br>Omapaino: 85kg<br>Keng\u00e4nnumero: 45<br>Kulutus: 0,5 litraa tunnissa<br>P\u00e4\u00e4st\u00f6t: P\u00e4\u00e4s\u00e4\u00e4nt\u00f6isesti popahtavaa iskelm\u00e4\u00e4<br>Huippunopeus: 4 nuottia\/sekunnissa<br>Teho: 1 Huputiti hummani hei<br>Iskutilavuus: 12 iskus\u00e4velm\u00e4\u00e4 tunnissa<br>Tallennustila: 4 taskua + reppu<br>Muistin koko: Riitt\u00e4m\u00e4t\u00f6n<br>Valmiusaika: Hetkess\u00e4 valmis<br>Latausaika: Yleens\u00e4 7 tunnin y\u00f6unet<br>Energialuokka: Ehtym\u00e4t\u00f6n A+&nbsp;<\/p>\n\n\n\n<p class=\"has-nero-color has-text-color\">Lis\u00e4varusteet: Salibandyerotuomarin pilli<\/p>\n\n\n\n<p><\/p>\n","protected":false},"excerpt":{"rendered":"<p>BIOGRAFIA Isto Hiltunen nousi pinnalle vuonna 1994 platinaa myyneen albuminsa &#8221;Isto Hiltunen&#8221; my\u00f6t\u00e4. Useita instrumentteja hallitseva muusikko siirtyi mikrofonin varteen ja tuhansien keikkojen kiertue sai alkunsa.&nbsp; Monipuolisena esiintyj\u00e4n\u00e4 tunnetun Iston uraan mahtuu kymmeni\u00e4 listahittej\u00e4 vuodesta 1994 l\u00e4htien. Levyt ovat myyneet kultaa ja platinaa, yhteens\u00e4 yli 200 000 kappaletta. Istolla on ollut urallaan yli 40 Radio&hellip;<\/p>\n","protected":false},"author":1,"featured_media":50,"parent":0,"menu_order":0,"comment_status":"closed","ping_status":"closed","template":"","meta":{"footnotes":""},"class_list":["post-20","page","type-page","status-publish","has-post-thumbnail","hentry"],"_links":{"self":[{"href":"https:\/\/www.iloisempi.fi\/istohiltunen\/wp-json\/wp\/v2\/pages\/20","targetHints":{"allow":["GET"]}}],"collection":[{"href":"https:\/\/www.iloisempi.fi\/istohiltunen\/wp-json\/wp\/v2\/pages"}],"about":[{"href":"https:\/\/www.iloisempi.fi\/istohiltunen\/wp-json\/wp\/v2\/types\/page"}],"author":[{"embeddable":true,"href":"https:\/\/www.iloisempi.fi\/istohiltunen\/wp-json\/wp\/v2\/users\/1"}],"replies":[{"embeddable":true,"href":"https:\/\/www.iloisempi.fi\/istohiltunen\/wp-json\/wp\/v2\/comments?post=20"}],"version-history":[{"count":28,"href":"https:\/\/www.iloisempi.fi\/istohiltunen\/wp-json\/wp\/v2\/pages\/20\/revisions"}],"predecessor-version":[{"id":785,"href":"https:\/\/www.iloisempi.fi\/istohiltunen\/wp-json\/wp\/v2\/pages\/20\/revisions\/785"}],"wp:featuredmedia":[{"embeddable":true,"href":"https:\/\/www.iloisempi.fi\/istohiltunen\/wp-json\/wp\/v2\/media\/50"}],"wp:attachment":[{"href":"https:\/\/www.iloisempi.fi\/istohiltunen\/wp-json\/wp\/v2\/media?parent=20"}],"curies":[{"name":"wp","href":"https:\/\/api.w.org\/{rel}","templated":true}]}}