{"id":33,"date":"2022-10-27T11:54:53","date_gmt":"2022-10-27T11:54:53","guid":{"rendered":"https:\/\/www.iloisempi.fi\/istohiltunen\/?page_id=33"},"modified":"2022-12-29T21:34:03","modified_gmt":"2022-12-29T19:34:03","slug":"yhteystiedot","status":"publish","type":"page","link":"https:\/\/www.iloisempi.fi\/istohiltunen\/yhteystiedot\/","title":{"rendered":"Yhteystiedot"},"content":{"rendered":"\n<p>Haluatko Iston esiintym\u00e4\u00e4n, ota yhteytt\u00e4!<\/p>\n\n\n<div class=\"wpforms-container wpforms-container-full wpforms-block\" id=\"wpforms-27\"><form id=\"wpforms-form-27\" class=\"wpforms-validate wpforms-form wpforms-ajax-form\" data-formid=\"27\" method=\"post\" enctype=\"multipart\/form-data\" action=\"\/istohiltunen\/wp-json\/wp\/v2\/pages\/33\" data-token=\"06abfaf71f613c930f7f58ee6984d226\" data-token-time=\"1777648852\"><noscript class=\"wpforms-error-noscript\">Please enable JavaScript in your browser to complete this form.<\/noscript><div class=\"wpforms-field-container\"><div id=\"wpforms-27-field_0-container\" class=\"wpforms-field wpforms-field-name\" data-field-id=\"0\"><label class=\"wpforms-field-label\" for=\"wpforms-27-field_0\">Nimi <span class=\"wpforms-required-label\">*<\/span><\/label><input type=\"text\" id=\"wpforms-27-field_0\" class=\"wpforms-field-medium wpforms-field-required\" name=\"wpforms[fields][0]\" required><\/div><div id=\"wpforms-27-field_1-container\" class=\"wpforms-field wpforms-field-email\" data-field-id=\"1\"><label class=\"wpforms-field-label\" for=\"wpforms-27-field_1\">S\u00e4hk\u00f6postiosoite <span class=\"wpforms-required-label\">*<\/span><\/label><input type=\"email\" id=\"wpforms-27-field_1\" class=\"wpforms-field-medium wpforms-field-required\" name=\"wpforms[fields][1]\" spellcheck=\"false\" required><\/div><div id=\"wpforms-27-field_2-container\" class=\"wpforms-field wpforms-field-textarea\" data-field-id=\"2\"><label class=\"wpforms-field-label\" for=\"wpforms-27-field_2\">Viesti Istolle<\/label><textarea id=\"wpforms-27-field_2\" class=\"wpforms-field-medium\" name=\"wpforms[fields][2]\" ><\/textarea><\/div><\/div><!-- .wpforms-field-container --><div class=\"wpforms-submit-container\" ><input type=\"hidden\" name=\"wpforms[id]\" value=\"27\"><input type=\"hidden\" name=\"page_title\" value=\"\"><input type=\"hidden\" name=\"page_url\" value=\"https:\/\/www.iloisempi.fi\/istohiltunen\/wp-json\/wp\/v2\/pages\/33\"><input type=\"hidden\" name=\"url_referer\" value=\"\"><button type=\"submit\" name=\"wpforms[submit]\" id=\"wpforms-submit-27\" class=\"wpforms-submit\" data-alt-text=\"L\u00e4hetet\u00e4\u00e4n...\" data-submit-text=\"L\u00e4het\u00e4\" aria-live=\"assertive\" value=\"wpforms-submit\">L\u00e4het\u00e4<\/button><img loading=\"lazy\" decoding=\"async\" src=\"https:\/\/www.iloisempi.fi\/istohiltunen\/wp-content\/plugins\/wpforms-lite\/assets\/images\/submit-spin.svg\" class=\"wpforms-submit-spinner\" style=\"display: none;\" width=\"26\" height=\"26\" alt=\"Loading\"><\/div><\/form><\/div>  <!-- .wpforms-container -->\n\n\n<figure class=\"wp-block-image size-full\"><img loading=\"lazy\" decoding=\"async\" width=\"299\" height=\"168\" src=\"https:\/\/www.iloisempi.fi\/istohiltunen\/wp-content\/uploads\/2022\/11\/ihkuva.jpg\" alt=\"isto-hiltunen\" class=\"wp-image-145\"\/><\/figure>\n\n\n\n<div style=\"height:100px\" aria-hidden=\"true\" class=\"wp-block-spacer\"><\/div>\n\n\n\n<figure class=\"wp-block-image size-full is-resized\"><img loading=\"lazy\" decoding=\"async\" src=\"https:\/\/www.iloisempi.fi\/istohiltunen\/wp-content\/uploads\/2022\/12\/Nayttokuva-2022-12-29-kello-21.33.35.png\" alt=\"\" class=\"wp-image-303\" width=\"298\" height=\"84\" srcset=\"https:\/\/www.iloisempi.fi\/istohiltunen\/wp-content\/uploads\/2022\/12\/Nayttokuva-2022-12-29-kello-21.33.35.png 397w, https:\/\/www.iloisempi.fi\/istohiltunen\/wp-content\/uploads\/2022\/12\/Nayttokuva-2022-12-29-kello-21.33.35-300x85.png 300w\" sizes=\"auto, (max-width: 298px) 100vw, 298px\" \/><\/figure>\n","protected":false},"excerpt":{"rendered":"<p>Haluatko Iston esiintym\u00e4\u00e4n, ota yhteytt\u00e4!<\/p>\n","protected":false},"author":1,"featured_media":0,"parent":0,"menu_order":0,"comment_status":"closed","ping_status":"closed","template":"","meta":{"footnotes":""},"class_list":["post-33","page","type-page","status-publish","hentry"],"_links":{"self":[{"href":"https:\/\/www.iloisempi.fi\/istohiltunen\/wp-json\/wp\/v2\/pages\/33","targetHints":{"allow":["GET"]}}],"collection":[{"href":"https:\/\/www.iloisempi.fi\/istohiltunen\/wp-json\/wp\/v2\/pages"}],"about":[{"href":"https:\/\/www.iloisempi.fi\/istohiltunen\/wp-json\/wp\/v2\/types\/page"}],"author":[{"embeddable":true,"href":"https:\/\/www.iloisempi.fi\/istohiltunen\/wp-json\/wp\/v2\/users\/1"}],"replies":[{"embeddable":true,"href":"https:\/\/www.iloisempi.fi\/istohiltunen\/wp-json\/wp\/v2\/comments?post=33"}],"version-history":[{"count":14,"href":"https:\/\/www.iloisempi.fi\/istohiltunen\/wp-json\/wp\/v2\/pages\/33\/revisions"}],"predecessor-version":[{"id":423,"href":"https:\/\/www.iloisempi.fi\/istohiltunen\/wp-json\/wp\/v2\/pages\/33\/revisions\/423"}],"wp:attachment":[{"href":"https:\/\/www.iloisempi.fi\/istohiltunen\/wp-json\/wp\/v2\/media?parent=33"}],"curies":[{"name":"wp","href":"https:\/\/api.w.org\/{rel}","templated":true}]}}